{"id":249,"date":"2022-04-17T12:15:46","date_gmt":"2022-04-17T17:15:46","guid":{"rendered":"https:\/\/ghislainevermette.com\/?page_id=249"},"modified":"2022-07-13T08:14:47","modified_gmt":"2022-07-13T13:14:47","slug":"le-don-dandree-anne","status":"publish","type":"page","link":"https:\/\/ghislainevermette.com\/?page_id=249","title":{"rendered":"Le don d\u2019Andr\u00e9e-Anne"},"content":{"rendered":"\t\t<div data-elementor-type=\"wp-page\" data-elementor-id=\"249\" class=\"elementor elementor-249\">\n\t\t\t\t\t\t<section class=\"elementor-section elementor-top-section elementor-element elementor-element-44c0f44 elementor-section-boxed elementor-section-height-default elementor-section-height-default\" data-id=\"44c0f44\" data-element_type=\"section\" data-e-type=\"section\">\n\t\t\t\t\t\t<div class=\"elementor-container elementor-column-gap-default\">\n\t\t\t\t\t<div class=\"elementor-column elementor-col-50 elementor-top-column elementor-element elementor-element-037558c\" data-id=\"037558c\" data-element_type=\"column\" data-e-type=\"column\">\n\t\t\t<div class=\"elementor-widget-wrap elementor-element-populated\">\n\t\t\t\t\t\t<div class=\"elementor-element elementor-element-ce098c6 elementor-widget elementor-widget-image\" data-id=\"ce098c6\" data-element_type=\"widget\" data-e-type=\"widget\" data-widget_type=\"image.default\">\n\t\t\t\t<div class=\"elementor-widget-container\">\n\t\t\t\t\t\t\t\t\t\t\t\t\t\t\t<img fetchpriority=\"high\" decoding=\"async\" width=\"530\" height=\"805\" src=\"https:\/\/ghislainevermette.com\/wp-content\/uploads\/2022\/05\/Screenshot-2022-05-17-205907.png\" class=\"attachment-large size-large wp-image-331 no-lazy\" alt=\"\" srcset=\"https:\/\/ghislainevermette.com\/wp-content\/uploads\/2022\/05\/Screenshot-2022-05-17-205907.png 530w, https:\/\/ghislainevermette.com\/wp-content\/uploads\/2022\/05\/Screenshot-2022-05-17-205907-198x300.png 198w\" sizes=\"(max-width: 530px) 100vw, 530px\" \/>\t\t\t\t\t\t\t\t\t\t\t\t\t\t\t<\/div>\n\t\t\t\t<\/div>\n\t\t\t\t\t<\/div>\n\t\t<\/div>\n\t\t\t\t<div class=\"elementor-column elementor-col-50 elementor-top-column elementor-element elementor-element-0ddca69\" data-id=\"0ddca69\" data-element_type=\"column\" data-e-type=\"column\">\n\t\t\t<div class=\"elementor-widget-wrap elementor-element-populated\">\n\t\t\t\t\t\t<div class=\"elementor-element elementor-element-9ec7135 elementor-widget elementor-widget-text-editor\" data-id=\"9ec7135\" data-element_type=\"widget\" data-e-type=\"widget\" data-widget_type=\"text-editor.default\">\n\t\t\t\t<div class=\"elementor-widget-container\">\n\t\t\t\t\t\t\t\t\t<p>Andr\u00e9e-Anne souhaitait d&rsquo;avoir un don afin de se d\u00e9marquer des autres. Elle ne se sentait pas sp\u00e9ciale, car elle ne voyait pas ses qualit\u00e9s. L\u2019adolescente a fait des pieds et des mains afin de recevoir le don de voyance. Lorsque son souhait a enfin \u00e9t\u00e9 exauc\u00e9, ce n\u2019\u00e9tait pas du tout ce \u00e0 quoi elle s\u2019attendait. Au lieu de conna\u00eetre les r\u00e9ponses aux questions d\u2019examens, elle voyait des squelettes. Son don \u00e9tait non seulement \u00e9peurant, il \u00e9tait aussi incommodant. Les visions qu\u2019elle avait \u00e9taient lourdes \u00e0 porter. Andr\u00e9e-Anne a v\u00e9cu plusieurs exp\u00e9riences avec ses hallucinations avant d\u2019en venir \u00e0 la conclusion qu\u2019elle ne voulait plus de son don. Elle a alors fait le souhait de redevenir comme elle \u00e9tait avant. Ce n\u2019est que lorsque ses visions ont cess\u00e9 qu\u2019elle a compris qu\u2019elle avait un autre talent. La jeune fille \u00e9tait vraiment sp\u00e9ciale, apr\u00e8s tout.<\/p>\t\t\t\t\t\t\t\t<\/div>\n\t\t\t\t<\/div>\n\t\t\t\t<div class=\"elementor-element elementor-element-af1b5a6 elementor-widget elementor-widget-spacer\" data-id=\"af1b5a6\" data-element_type=\"widget\" data-e-type=\"widget\" data-widget_type=\"spacer.default\">\n\t\t\t\t<div class=\"elementor-widget-container\">\n\t\t\t\t\t\t\t<div class=\"elementor-spacer\">\n\t\t\t<div class=\"elementor-spacer-inner\"><\/div>\n\t\t<\/div>\n\t\t\t\t\t\t<\/div>\n\t\t\t\t<\/div>\n\t\t\t\t<section class=\"elementor-section elementor-inner-section elementor-element elementor-element-c643f51 elementor-section-boxed elementor-section-height-default elementor-section-height-default\" data-id=\"c643f51\" data-element_type=\"section\" data-e-type=\"section\">\n\t\t\t\t\t\t<div class=\"elementor-container elementor-column-gap-default\">\n\t\t\t\t\t<div class=\"elementor-column elementor-col-100 elementor-inner-column elementor-element elementor-element-47a20a1\" data-id=\"47a20a1\" data-element_type=\"column\" data-e-type=\"column\">\n\t\t\t<div class=\"elementor-widget-wrap elementor-element-populated\">\n\t\t\t\t\t\t<div class=\"elementor-element elementor-element-3ee1930 elementor-widget elementor-widget-heading\" data-id=\"3ee1930\" data-element_type=\"widget\" data-e-type=\"widget\" data-widget_type=\"heading.default\">\n\t\t\t\t<div class=\"elementor-widget-container\">\n\t\t\t\t\t<h4 class=\"elementor-heading-title elementor-size-medium\">Pour Achat<\/h4>\t\t\t\t<\/div>\n\t\t\t\t<\/div>\n\t\t\t\t\t<\/div>\n\t\t<\/div>\n\t\t\t\t\t<\/div>\n\t\t<\/section>\n\t\t\t\t<section class=\"elementor-section elementor-inner-section elementor-element elementor-element-ec66db7 elementor-section-boxed elementor-section-height-default elementor-section-height-default\" data-id=\"ec66db7\" data-element_type=\"section\" data-e-type=\"section\">\n\t\t\t\t\t\t<div class=\"elementor-container elementor-column-gap-default\">\n\t\t\t\t\t<div class=\"elementor-column elementor-col-50 elementor-inner-column elementor-element elementor-element-99271e7\" data-id=\"99271e7\" data-element_type=\"column\" data-e-type=\"column\">\n\t\t\t<div class=\"elementor-widget-wrap elementor-element-populated\">\n\t\t\t\t\t\t<div class=\"elementor-element elementor-element-55a6398 elementor-widget elementor-widget-button\" data-id=\"55a6398\" data-element_type=\"widget\" data-e-type=\"widget\" data-widget_type=\"button.default\">\n\t\t\t\t<div class=\"elementor-widget-container\">\n\t\t\t\t\t\t\t\t\t<div class=\"elementor-button-wrapper\">\n\t\t\t\t\t<a class=\"elementor-button elementor-button-link elementor-size-sm\" href=\"https:\/\/boutique.bouquinbec.ca\/le-don-d-andree-anne.html\">\n\t\t\t\t\t\t<span class=\"elementor-button-content-wrapper\">\n\t\t\t\t\t\t\t\t\t<span class=\"elementor-button-text\">Bouqinbec<\/span>\n\t\t\t\t\t<\/span>\n\t\t\t\t\t<\/a>\n\t\t\t\t<\/div>\n\t\t\t\t\t\t\t\t<\/div>\n\t\t\t\t<\/div>\n\t\t\t\t\t<\/div>\n\t\t<\/div>\n\t\t\t\t<div class=\"elementor-column elementor-col-50 elementor-inner-column elementor-element elementor-element-1d53d8d\" data-id=\"1d53d8d\" data-element_type=\"column\" data-e-type=\"column\">\n\t\t\t<div class=\"elementor-widget-wrap elementor-element-populated\">\n\t\t\t\t\t\t<div class=\"elementor-element elementor-element-5240b9e elementor-widget elementor-widget-button\" data-id=\"5240b9e\" data-element_type=\"widget\" data-e-type=\"widget\" data-widget_type=\"button.default\">\n\t\t\t\t<div class=\"elementor-widget-container\">\n\t\t\t\t\t\t\t\t\t<div class=\"elementor-button-wrapper\">\n\t\t\t\t\t<a class=\"elementor-button elementor-button-link elementor-size-sm\" href=\"https:\/\/www.amazon.ca\/don-dAndr%C3%A9e-Anne-Ghislaine-Vermette\/dp\/2982072114\/ref=tmm_pap_swatch_0?_encoding=UTF8&#038;qid=1652835835&#038;sr=1-2\">\n\t\t\t\t\t\t<span class=\"elementor-button-content-wrapper\">\n\t\t\t\t\t\t\t\t\t<span class=\"elementor-button-text\">Amazon<\/span>\n\t\t\t\t\t<\/span>\n\t\t\t\t\t<\/a>\n\t\t\t\t<\/div>\n\t\t\t\t\t\t\t\t<\/div>\n\t\t\t\t<\/div>\n\t\t\t\t\t<\/div>\n\t\t<\/div>\n\t\t\t\t\t<\/div>\n\t\t<\/section>\n\t\t\t\t\t<\/div>\n\t\t<\/div>\n\t\t\t\t\t<\/div>\n\t\t<\/section>\n\t\t\t\t<section class=\"elementor-section elementor-top-section elementor-element elementor-element-231bb98 elementor-section-boxed elementor-section-height-default elementor-section-height-default\" data-id=\"231bb98\" data-element_type=\"section\" data-e-type=\"section\">\n\t\t\t\t\t\t<div class=\"elementor-container elementor-column-gap-default\">\n\t\t\t\t\t<div class=\"elementor-column elementor-col-100 elementor-top-column elementor-element elementor-element-a62bf1a\" data-id=\"a62bf1a\" data-element_type=\"column\" data-e-type=\"column\">\n\t\t\t<div class=\"elementor-widget-wrap\">\n\t\t\t\t\t\t\t<\/div>\n\t\t<\/div>\n\t\t\t\t\t<\/div>\n\t\t<\/section>\n\t\t\t\t<section class=\"elementor-section elementor-top-section elementor-element elementor-element-00fb71b elementor-section-boxed elementor-section-height-default elementor-section-height-default\" data-id=\"00fb71b\" data-element_type=\"section\" data-e-type=\"section\">\n\t\t\t\t\t\t<div class=\"elementor-container elementor-column-gap-default\">\n\t\t\t\t\t<div class=\"elementor-column elementor-col-100 elementor-top-column elementor-element elementor-element-22e66aa\" data-id=\"22e66aa\" data-element_type=\"column\" data-e-type=\"column\">\n\t\t\t<div class=\"elementor-widget-wrap\">\n\t\t\t\t\t\t\t<\/div>\n\t\t<\/div>\n\t\t\t\t\t<\/div>\n\t\t<\/section>\n\t\t\t\t<\/div>\n\t\t","protected":false},"excerpt":{"rendered":"<p>Andr\u00e9e-Anne souhaitait d&rsquo;avoir un don afin de se d\u00e9marquer des autres. Elle ne se sentait pas sp\u00e9ciale, car elle ne voyait pas ses qualit\u00e9s. L\u2019adolescente a fait des pieds et des mains afin de recevoir le don de voyance. Lorsque son souhait a enfin \u00e9t\u00e9 exauc\u00e9, ce n\u2019\u00e9tait pas du tout ce \u00e0 quoi elle [&hellip;]<\/p>\n","protected":false},"author":1,"featured_media":0,"parent":0,"menu_order":0,"comment_status":"closed","ping_status":"closed","template":"","meta":{"footnotes":""},"class_list":["post-249","page","type-page","status-publish","czr-hentry"],"jetpack_sharing_enabled":true,"_links":{"self":[{"href":"https:\/\/ghislainevermette.com\/index.php?rest_route=\/wp\/v2\/pages\/249","targetHints":{"allow":["GET"]}}],"collection":[{"href":"https:\/\/ghislainevermette.com\/index.php?rest_route=\/wp\/v2\/pages"}],"about":[{"href":"https:\/\/ghislainevermette.com\/index.php?rest_route=\/wp\/v2\/types\/page"}],"author":[{"embeddable":true,"href":"https:\/\/ghislainevermette.com\/index.php?rest_route=\/wp\/v2\/users\/1"}],"replies":[{"embeddable":true,"href":"https:\/\/ghislainevermette.com\/index.php?rest_route=%2Fwp%2Fv2%2Fcomments&post=249"}],"version-history":[{"count":27,"href":"https:\/\/ghislainevermette.com\/index.php?rest_route=\/wp\/v2\/pages\/249\/revisions"}],"predecessor-version":[{"id":400,"href":"https:\/\/ghislainevermette.com\/index.php?rest_route=\/wp\/v2\/pages\/249\/revisions\/400"}],"wp:attachment":[{"href":"https:\/\/ghislainevermette.com\/index.php?rest_route=%2Fwp%2Fv2%2Fmedia&parent=249"}],"curies":[{"name":"wp","href":"https:\/\/api.w.org\/{rel}","templated":true}]}}