{"id":347,"date":"2022-05-17T20:10:17","date_gmt":"2022-05-18T01:10:17","guid":{"rendered":"https:\/\/ghislainevermette.com\/?page_id=347"},"modified":"2023-11-24T12:40:45","modified_gmt":"2023-11-24T17:40:45","slug":"le-patrimoine-daurore-godbout","status":"publish","type":"page","link":"https:\/\/ghislainevermette.com\/?page_id=347","title":{"rendered":"Le patrimoine d\u2019Aurore Godbout"},"content":{"rendered":"\t\t<div data-elementor-type=\"wp-page\" data-elementor-id=\"347\" class=\"elementor elementor-347\">\n\t\t\t\t\t\t<section class=\"elementor-section elementor-top-section elementor-element elementor-element-863fca7 elementor-section-boxed elementor-section-height-default elementor-section-height-default\" data-id=\"863fca7\" data-element_type=\"section\">\n\t\t\t\t\t\t<div class=\"elementor-container elementor-column-gap-default\">\n\t\t\t\t\t<div class=\"elementor-column elementor-col-50 elementor-top-column elementor-element elementor-element-b277cd7\" data-id=\"b277cd7\" data-element_type=\"column\">\n\t\t\t<div class=\"elementor-widget-wrap elementor-element-populated\">\n\t\t\t\t\t\t<div class=\"elementor-element elementor-element-4115e55 elementor-widget elementor-widget-image\" data-id=\"4115e55\" data-element_type=\"widget\" data-widget_type=\"image.default\">\n\t\t\t\t<div class=\"elementor-widget-container\">\n\t\t\t\t\t\t\t\t\t\t\t\t\t\t\t<img fetchpriority=\"high\" decoding=\"async\" width=\"615\" height=\"933\" src=\"https:\/\/ghislainevermette.com\/wp-content\/uploads\/2022\/05\/asd.png\" class=\"attachment-large size-large wp-image-349 no-lazy\" alt=\"\" srcset=\"https:\/\/ghislainevermette.com\/wp-content\/uploads\/2022\/05\/asd.png 615w, https:\/\/ghislainevermette.com\/wp-content\/uploads\/2022\/05\/asd-198x300.png 198w\" sizes=\"(max-width: 615px) 100vw, 615px\" \/>\t\t\t\t\t\t\t\t\t\t\t\t\t\t\t<\/div>\n\t\t\t\t<\/div>\n\t\t\t\t\t<\/div>\n\t\t<\/div>\n\t\t\t\t<div class=\"elementor-column elementor-col-50 elementor-top-column elementor-element elementor-element-81e1976\" data-id=\"81e1976\" data-element_type=\"column\">\n\t\t\t<div class=\"elementor-widget-wrap elementor-element-populated\">\n\t\t\t\t\t\t<section class=\"elementor-section elementor-inner-section elementor-element elementor-element-46e05dc elementor-section-boxed elementor-section-height-default elementor-section-height-default\" data-id=\"46e05dc\" data-element_type=\"section\">\n\t\t\t\t\t\t<div class=\"elementor-container elementor-column-gap-default\">\n\t\t\t\t\t<div class=\"elementor-column elementor-col-100 elementor-inner-column elementor-element elementor-element-f401adb\" data-id=\"f401adb\" data-element_type=\"column\">\n\t\t\t<div class=\"elementor-widget-wrap elementor-element-populated\">\n\t\t\t\t\t\t<div class=\"elementor-element elementor-element-4183cf2 elementor-widget elementor-widget-text-editor\" data-id=\"4183cf2\" data-element_type=\"widget\" data-widget_type=\"text-editor.default\">\n\t\t\t\t<div class=\"elementor-widget-container\">\n\t\t\t\t\t\t\t\t\t<p>La famille Godbout ne l\u2019a pas toujours eu facile, mais l\u2019amour et la gaiet\u00e9 r\u00e9gnaient dans la maison. On doit \u00eatre reconnaissants pour les sacrifices que nos a\u00efeuls ont faits pour nos descendants. Les le\u00e7ons qu\u2019on a re\u00e7ues de nos parents et de nos grands-parents sont pr\u00e9cieuses et il faut les reconna\u00eetre. Les nouvelles g\u00e9n\u00e9rations n\u2019ont pas toujours l\u2019int\u00e9r\u00eat pour les histoires de l\u2019ancien temps. Pourtant, elles sont une source d\u2019informations pr\u00e9cieuses que l\u2019on devrait consid\u00e9rer comme un tr\u00e9sor. Les histoires de la famille Godbout telles que racont\u00e9es par Aurore Godbout, devenue grand-m\u00e8re de la famille, sont une source inestimable du patrimoine canadien.<\/p>\t\t\t\t\t\t\t\t<\/div>\n\t\t\t\t<\/div>\n\t\t\t\t<div class=\"elementor-element elementor-element-30ce03a elementor-widget elementor-widget-spacer\" data-id=\"30ce03a\" data-element_type=\"widget\" data-widget_type=\"spacer.default\">\n\t\t\t\t<div class=\"elementor-widget-container\">\n\t\t\t\t\t\t\t<div class=\"elementor-spacer\">\n\t\t\t<div class=\"elementor-spacer-inner\"><\/div>\n\t\t<\/div>\n\t\t\t\t\t\t<\/div>\n\t\t\t\t<\/div>\n\t\t\t\t\t<\/div>\n\t\t<\/div>\n\t\t\t\t\t<\/div>\n\t\t<\/section>\n\t\t\t\t<section class=\"elementor-section elementor-inner-section elementor-element elementor-element-d20669b elementor-section-boxed elementor-section-height-default elementor-section-height-default\" data-id=\"d20669b\" data-element_type=\"section\">\n\t\t\t\t\t\t<div class=\"elementor-container elementor-column-gap-default\">\n\t\t\t\t\t<div class=\"elementor-column elementor-col-100 elementor-inner-column elementor-element elementor-element-a192e71\" data-id=\"a192e71\" data-element_type=\"column\">\n\t\t\t<div class=\"elementor-widget-wrap elementor-element-populated\">\n\t\t\t\t\t\t<div class=\"elementor-element elementor-element-5a7c0f3 elementor-widget elementor-widget-heading\" data-id=\"5a7c0f3\" data-element_type=\"widget\" data-widget_type=\"heading.default\">\n\t\t\t\t<div class=\"elementor-widget-container\">\n\t\t\t\t\t<h5 class=\"elementor-heading-title elementor-size-medium\">Pour Achat<\/h5>\t\t\t\t<\/div>\n\t\t\t\t<\/div>\n\t\t\t\t\t<\/div>\n\t\t<\/div>\n\t\t\t\t\t<\/div>\n\t\t<\/section>\n\t\t\t\t<section class=\"elementor-section elementor-inner-section elementor-element elementor-element-7f79746 elementor-section-boxed elementor-section-height-default elementor-section-height-default\" data-id=\"7f79746\" data-element_type=\"section\">\n\t\t\t\t\t\t<div class=\"elementor-container elementor-column-gap-default\">\n\t\t\t\t\t<div class=\"elementor-column elementor-col-50 elementor-inner-column elementor-element elementor-element-af9627e\" data-id=\"af9627e\" data-element_type=\"column\">\n\t\t\t<div class=\"elementor-widget-wrap elementor-element-populated\">\n\t\t\t\t\t\t<div class=\"elementor-element elementor-element-e92301e elementor-widget elementor-widget-button\" data-id=\"e92301e\" data-element_type=\"widget\" data-widget_type=\"button.default\">\n\t\t\t\t<div class=\"elementor-widget-container\">\n\t\t\t\t\t\t\t\t\t<div class=\"elementor-button-wrapper\">\n\t\t\t\t\t<a class=\"elementor-button elementor-button-link elementor-size-sm\" href=\"https:\/\/boutique.bouquinbec.ca\/le-patrimoine-d-aurore-godbout.html\">\n\t\t\t\t\t\t<span class=\"elementor-button-content-wrapper\">\n\t\t\t\t\t\t\t\t\t<span class=\"elementor-button-text\">Bourquinbec<\/span>\n\t\t\t\t\t<\/span>\n\t\t\t\t\t<\/a>\n\t\t\t\t<\/div>\n\t\t\t\t\t\t\t\t<\/div>\n\t\t\t\t<\/div>\n\t\t\t\t\t<\/div>\n\t\t<\/div>\n\t\t\t\t<div class=\"elementor-column elementor-col-50 elementor-inner-column elementor-element elementor-element-b1655ec\" data-id=\"b1655ec\" data-element_type=\"column\">\n\t\t\t<div class=\"elementor-widget-wrap elementor-element-populated\">\n\t\t\t\t\t\t<div class=\"elementor-element elementor-element-0fc0275 elementor-widget elementor-widget-button\" data-id=\"0fc0275\" data-element_type=\"widget\" data-widget_type=\"button.default\">\n\t\t\t\t<div class=\"elementor-widget-container\">\n\t\t\t\t\t\t\t\t\t<div class=\"elementor-button-wrapper\">\n\t\t\t\t\t<a class=\"elementor-button elementor-button-link elementor-size-sm\" href=\"https:\/\/www.amazon.ca\/patrimoine-dAurore-Godbout-Ghislaine-Vermette\/dp\/2982072130\/ref=tmm_pap_swatch_0?_encoding=UTF8&#038;qid=1700847608&#038;sr=1-6\">\n\t\t\t\t\t\t<span class=\"elementor-button-content-wrapper\">\n\t\t\t\t\t\t\t\t\t<span class=\"elementor-button-text\">Amazon<\/span>\n\t\t\t\t\t<\/span>\n\t\t\t\t\t<\/a>\n\t\t\t\t<\/div>\n\t\t\t\t\t\t\t\t<\/div>\n\t\t\t\t<\/div>\n\t\t\t\t\t<\/div>\n\t\t<\/div>\n\t\t\t\t\t<\/div>\n\t\t<\/section>\n\t\t\t\t\t<\/div>\n\t\t<\/div>\n\t\t\t\t\t<\/div>\n\t\t<\/section>\n\t\t\t\t<\/div>\n\t\t","protected":false},"excerpt":{"rendered":"<p>La famille Godbout ne l\u2019a pas toujours eu facile, mais l\u2019amour et la gaiet\u00e9 r\u00e9gnaient dans la maison. On doit \u00eatre reconnaissants pour les sacrifices que nos a\u00efeuls ont faits pour nos descendants. Les le\u00e7ons qu\u2019on a re\u00e7ues de nos parents et de nos grands-parents sont pr\u00e9cieuses et il faut les reconna\u00eetre. Les nouvelles g\u00e9n\u00e9rations [&hellip;]<\/p>\n","protected":false},"author":1,"featured_media":0,"parent":0,"menu_order":0,"comment_status":"closed","ping_status":"closed","template":"","meta":{"footnotes":""},"class_list":["post-347","page","type-page","status-publish","czr-hentry"],"jetpack_sharing_enabled":true,"_links":{"self":[{"href":"https:\/\/ghislainevermette.com\/index.php?rest_route=\/wp\/v2\/pages\/347","targetHints":{"allow":["GET"]}}],"collection":[{"href":"https:\/\/ghislainevermette.com\/index.php?rest_route=\/wp\/v2\/pages"}],"about":[{"href":"https:\/\/ghislainevermette.com\/index.php?rest_route=\/wp\/v2\/types\/page"}],"author":[{"embeddable":true,"href":"https:\/\/ghislainevermette.com\/index.php?rest_route=\/wp\/v2\/users\/1"}],"replies":[{"embeddable":true,"href":"https:\/\/ghislainevermette.com\/index.php?rest_route=%2Fwp%2Fv2%2Fcomments&post=347"}],"version-history":[{"count":25,"href":"https:\/\/ghislainevermette.com\/index.php?rest_route=\/wp\/v2\/pages\/347\/revisions"}],"predecessor-version":[{"id":514,"href":"https:\/\/ghislainevermette.com\/index.php?rest_route=\/wp\/v2\/pages\/347\/revisions\/514"}],"wp:attachment":[{"href":"https:\/\/ghislainevermette.com\/index.php?rest_route=%2Fwp%2Fv2%2Fmedia&parent=347"}],"curies":[{"name":"wp","href":"https:\/\/api.w.org\/{rel}","templated":true}]}}