{"id":474,"date":"2023-11-24T12:28:37","date_gmt":"2023-11-24T17:28:37","guid":{"rendered":"https:\/\/ghislainevermette.com\/?page_id=474"},"modified":"2024-05-27T21:01:24","modified_gmt":"2024-05-28T02:01:24","slug":"le-don-dandree-anne-2","status":"publish","type":"page","link":"https:\/\/ghislainevermette.com\/?page_id=474","title":{"rendered":"L\u2019\u00e9toile particuli\u00e8re"},"content":{"rendered":"\t\t<div data-elementor-type=\"wp-page\" data-elementor-id=\"474\" class=\"elementor elementor-474\">\n\t\t\t\t\t\t<section class=\"elementor-section elementor-top-section elementor-element elementor-element-44c0f44 elementor-section-boxed elementor-section-height-default elementor-section-height-default\" data-id=\"44c0f44\" data-element_type=\"section\">\n\t\t\t\t\t\t<div class=\"elementor-container elementor-column-gap-default\">\n\t\t\t\t\t<div class=\"elementor-column elementor-col-50 elementor-top-column elementor-element elementor-element-037558c\" data-id=\"037558c\" data-element_type=\"column\">\n\t\t\t<div class=\"elementor-widget-wrap elementor-element-populated\">\n\t\t\t\t\t\t<div class=\"elementor-element elementor-element-ce098c6 elementor-widget elementor-widget-image\" data-id=\"ce098c6\" data-element_type=\"widget\" data-widget_type=\"image.default\">\n\t\t\t\t<div class=\"elementor-widget-container\">\n\t\t\t\t\t\t\t\t\t\t\t\t\t\t\t<img fetchpriority=\"high\" decoding=\"async\" width=\"659\" height=\"1024\" src=\"https:\/\/ghislainevermette.com\/wp-content\/uploads\/2023\/11\/Letoile-particuliere_C1-scaled1-659x1024.jpg\" class=\"attachment-large size-large wp-image-475 no-lazy\" alt=\"\" srcset=\"https:\/\/ghislainevermette.com\/wp-content\/uploads\/2023\/11\/Letoile-particuliere_C1-scaled1-659x1024.jpg 659w, https:\/\/ghislainevermette.com\/wp-content\/uploads\/2023\/11\/Letoile-particuliere_C1-scaled1-193x300.jpg 193w, https:\/\/ghislainevermette.com\/wp-content\/uploads\/2023\/11\/Letoile-particuliere_C1-scaled1-768x1193.jpg 768w, https:\/\/ghislainevermette.com\/wp-content\/uploads\/2023\/11\/Letoile-particuliere_C1-scaled1-989x1536.jpg 989w, https:\/\/ghislainevermette.com\/wp-content\/uploads\/2023\/11\/Letoile-particuliere_C1-scaled1-1318x2048.jpg 1318w, https:\/\/ghislainevermette.com\/wp-content\/uploads\/2023\/11\/Letoile-particuliere_C1-scaled1.jpg 1648w\" sizes=\"(max-width: 659px) 100vw, 659px\" \/>\t\t\t\t\t\t\t\t\t\t\t\t\t\t\t<\/div>\n\t\t\t\t<\/div>\n\t\t\t\t\t<\/div>\n\t\t<\/div>\n\t\t\t\t<div class=\"elementor-column elementor-col-50 elementor-top-column elementor-element elementor-element-0ddca69\" data-id=\"0ddca69\" data-element_type=\"column\">\n\t\t\t<div class=\"elementor-widget-wrap elementor-element-populated\">\n\t\t\t\t\t\t<div class=\"elementor-element elementor-element-9ec7135 elementor-widget elementor-widget-text-editor\" data-id=\"9ec7135\" data-element_type=\"widget\" data-widget_type=\"text-editor.default\">\n\t\t\t\t<div class=\"elementor-widget-container\">\n\t\t\t\t\t\t\t\t\t<p>Inform\u00e9e de l\u2019existence d\u2019une \u00e9toile sp\u00e9ciale par sa<br \/>grand-m\u00e8re, C\u00e9line Dionne y fait appel pour l\u2019aider.<br \/>L\u2019existence de cette \u00e9toile a \u00e9t\u00e9 transmise de g\u00e9n\u00e9ration<br \/>en g\u00e9n\u00e9ration dans sa famille. La jeune fille exprime ses<br \/>plus grands d\u00e9sirs pour ensuite trouver la motivation et<br \/>le courage de travailler fort pour exaucer ses d\u00e9sirs les<br \/>plus chers. Pendant une bonne partie de sa vie, C\u00e9line<br \/>fait des confidences et demande de l\u2019aide \u00e0 son \u00e9toile<\/p><p>particuli\u00e8re. De son c\u00f4t\u00e9, l\u2019\u00e9toile \u00e9coute et aide sa pro-<br \/>t\u00e9g\u00e9e du mieux qu\u2019elle le peut. La jeune fille, qui gran-<br \/>dit et acquiert de la confiance, apprend les bienfaits du<\/p><p>travail bien fait et profite des le\u00e7ons de vie pour gran-<br \/>dir et devenir une personne aimable et g\u00e9n\u00e9reuse. Que<\/p><p>se passera-t-il lorsque C\u00e9line ne fera plus appel \u00e0 son<br \/>\u00e9toile particuli\u00e8re?<\/p>\t\t\t\t\t\t\t\t<\/div>\n\t\t\t\t<\/div>\n\t\t\t\t<div class=\"elementor-element elementor-element-af1b5a6 elementor-widget elementor-widget-spacer\" data-id=\"af1b5a6\" data-element_type=\"widget\" data-widget_type=\"spacer.default\">\n\t\t\t\t<div class=\"elementor-widget-container\">\n\t\t\t\t\t\t\t<div class=\"elementor-spacer\">\n\t\t\t<div class=\"elementor-spacer-inner\"><\/div>\n\t\t<\/div>\n\t\t\t\t\t\t<\/div>\n\t\t\t\t<\/div>\n\t\t\t\t<section class=\"elementor-section elementor-inner-section elementor-element elementor-element-c643f51 elementor-section-boxed elementor-section-height-default elementor-section-height-default\" data-id=\"c643f51\" data-element_type=\"section\">\n\t\t\t\t\t\t<div class=\"elementor-container elementor-column-gap-default\">\n\t\t\t\t\t<div class=\"elementor-column elementor-col-100 elementor-inner-column elementor-element elementor-element-47a20a1\" data-id=\"47a20a1\" data-element_type=\"column\">\n\t\t\t<div class=\"elementor-widget-wrap elementor-element-populated\">\n\t\t\t\t\t\t<div class=\"elementor-element elementor-element-3ee1930 elementor-widget elementor-widget-heading\" data-id=\"3ee1930\" data-element_type=\"widget\" data-widget_type=\"heading.default\">\n\t\t\t\t<div class=\"elementor-widget-container\">\n\t\t\t\t\t<h4 class=\"elementor-heading-title elementor-size-medium\">Pour Achat<\/h4>\t\t\t\t<\/div>\n\t\t\t\t<\/div>\n\t\t\t\t\t<\/div>\n\t\t<\/div>\n\t\t\t\t\t<\/div>\n\t\t<\/section>\n\t\t\t\t<section class=\"elementor-section elementor-inner-section elementor-element elementor-element-ec66db7 elementor-section-boxed elementor-section-height-default elementor-section-height-default\" data-id=\"ec66db7\" data-element_type=\"section\">\n\t\t\t\t\t\t<div class=\"elementor-container elementor-column-gap-default\">\n\t\t\t\t\t<div class=\"elementor-column elementor-col-50 elementor-inner-column elementor-element elementor-element-99271e7\" data-id=\"99271e7\" data-element_type=\"column\">\n\t\t\t<div class=\"elementor-widget-wrap elementor-element-populated\">\n\t\t\t\t\t\t<div class=\"elementor-element elementor-element-55a6398 elementor-widget elementor-widget-button\" data-id=\"55a6398\" data-element_type=\"widget\" data-widget_type=\"button.default\">\n\t\t\t\t<div class=\"elementor-widget-container\">\n\t\t\t\t\t\t\t\t\t<div class=\"elementor-button-wrapper\">\n\t\t\t\t\t<a class=\"elementor-button elementor-button-link elementor-size-sm\" href=\"https:\/\/www.anboutique.ca\/catalogue\/livres-francophones\/jeunesse\/letoile-particuliere\/\">\n\t\t\t\t\t\t<span class=\"elementor-button-content-wrapper\">\n\t\t\t\t\t\t\t\t\t<span class=\"elementor-button-text\">Anboutique<\/span>\n\t\t\t\t\t<\/span>\n\t\t\t\t\t<\/a>\n\t\t\t\t<\/div>\n\t\t\t\t\t\t\t\t<\/div>\n\t\t\t\t<\/div>\n\t\t\t\t\t<\/div>\n\t\t<\/div>\n\t\t\t\t<div class=\"elementor-column elementor-col-50 elementor-inner-column elementor-element elementor-element-1d53d8d\" data-id=\"1d53d8d\" data-element_type=\"column\">\n\t\t\t<div class=\"elementor-widget-wrap elementor-element-populated\">\n\t\t\t\t\t\t<div class=\"elementor-element elementor-element-5240b9e elementor-hidden-desktop elementor-hidden-tablet elementor-hidden-mobile elementor-widget elementor-widget-button\" data-id=\"5240b9e\" data-element_type=\"widget\" data-widget_type=\"button.default\">\n\t\t\t\t<div class=\"elementor-widget-container\">\n\t\t\t\t\t\t\t\t\t<div class=\"elementor-button-wrapper\">\n\t\t\t\t\t<a class=\"elementor-button elementor-size-sm\" role=\"button\">\n\t\t\t\t\t\t<span class=\"elementor-button-content-wrapper\">\n\t\t\t\t\t\t\t\t\t<span class=\"elementor-button-text\">Amazon<\/span>\n\t\t\t\t\t<\/span>\n\t\t\t\t\t<\/a>\n\t\t\t\t<\/div>\n\t\t\t\t\t\t\t\t<\/div>\n\t\t\t\t<\/div>\n\t\t\t\t\t<\/div>\n\t\t<\/div>\n\t\t\t\t\t<\/div>\n\t\t<\/section>\n\t\t\t\t\t<\/div>\n\t\t<\/div>\n\t\t\t\t\t<\/div>\n\t\t<\/section>\n\t\t\t\t<section class=\"elementor-section elementor-top-section elementor-element elementor-element-231bb98 elementor-section-boxed elementor-section-height-default elementor-section-height-default\" data-id=\"231bb98\" data-element_type=\"section\">\n\t\t\t\t\t\t<div class=\"elementor-container elementor-column-gap-default\">\n\t\t\t\t\t<div class=\"elementor-column elementor-col-100 elementor-top-column elementor-element elementor-element-a62bf1a\" data-id=\"a62bf1a\" data-element_type=\"column\">\n\t\t\t<div class=\"elementor-widget-wrap\">\n\t\t\t\t\t\t\t<\/div>\n\t\t<\/div>\n\t\t\t\t\t<\/div>\n\t\t<\/section>\n\t\t\t\t<section class=\"elementor-section elementor-top-section elementor-element elementor-element-00fb71b elementor-section-boxed elementor-section-height-default elementor-section-height-default\" data-id=\"00fb71b\" data-element_type=\"section\">\n\t\t\t\t\t\t<div class=\"elementor-container elementor-column-gap-default\">\n\t\t\t\t\t<div class=\"elementor-column elementor-col-100 elementor-top-column elementor-element elementor-element-22e66aa\" data-id=\"22e66aa\" data-element_type=\"column\">\n\t\t\t<div class=\"elementor-widget-wrap\">\n\t\t\t\t\t\t\t<\/div>\n\t\t<\/div>\n\t\t\t\t\t<\/div>\n\t\t<\/section>\n\t\t\t\t<\/div>\n\t\t","protected":false},"excerpt":{"rendered":"<p>Inform\u00e9e de l\u2019existence d\u2019une \u00e9toile sp\u00e9ciale par sagrand-m\u00e8re, C\u00e9line Dionne y fait appel pour l\u2019aider.L\u2019existence de cette \u00e9toile a \u00e9t\u00e9 transmise de g\u00e9n\u00e9rationen g\u00e9n\u00e9ration dans sa famille. La jeune fille exprime sesplus grands d\u00e9sirs pour ensuite trouver la motivation etle courage de travailler fort pour exaucer ses d\u00e9sirs lesplus chers. Pendant une bonne partie de [&hellip;]<\/p>\n","protected":false},"author":1,"featured_media":0,"parent":0,"menu_order":0,"comment_status":"closed","ping_status":"closed","template":"","meta":{"footnotes":""},"class_list":["post-474","page","type-page","status-publish","czr-hentry"],"jetpack_sharing_enabled":true,"_links":{"self":[{"href":"https:\/\/ghislainevermette.com\/index.php?rest_route=\/wp\/v2\/pages\/474","targetHints":{"allow":["GET"]}}],"collection":[{"href":"https:\/\/ghislainevermette.com\/index.php?rest_route=\/wp\/v2\/pages"}],"about":[{"href":"https:\/\/ghislainevermette.com\/index.php?rest_route=\/wp\/v2\/types\/page"}],"author":[{"embeddable":true,"href":"https:\/\/ghislainevermette.com\/index.php?rest_route=\/wp\/v2\/users\/1"}],"replies":[{"embeddable":true,"href":"https:\/\/ghislainevermette.com\/index.php?rest_route=%2Fwp%2Fv2%2Fcomments&post=474"}],"version-history":[{"count":19,"href":"https:\/\/ghislainevermette.com\/index.php?rest_route=\/wp\/v2\/pages\/474\/revisions"}],"predecessor-version":[{"id":543,"href":"https:\/\/ghislainevermette.com\/index.php?rest_route=\/wp\/v2\/pages\/474\/revisions\/543"}],"wp:attachment":[{"href":"https:\/\/ghislainevermette.com\/index.php?rest_route=%2Fwp%2Fv2%2Fmedia&parent=474"}],"curies":[{"name":"wp","href":"https:\/\/api.w.org\/{rel}","templated":true}]}}