{"id":572,"date":"2025-04-02T13:56:45","date_gmt":"2025-04-02T18:56:45","guid":{"rendered":"https:\/\/ghislainevermette.com\/?page_id=572"},"modified":"2025-04-02T14:00:48","modified_gmt":"2025-04-02T19:00:48","slug":"julia-julie-et-julien-2","status":"publish","type":"page","link":"https:\/\/ghislainevermette.com\/?page_id=572","title":{"rendered":"L&rsquo;\u00e9cho du lac Wolfe"},"content":{"rendered":"\t\t<div data-elementor-type=\"wp-page\" data-elementor-id=\"572\" class=\"elementor elementor-572\">\n\t\t\t\t\t\t<section class=\"elementor-section elementor-top-section elementor-element elementor-element-69881cd elementor-section-boxed elementor-section-height-default elementor-section-height-default\" data-id=\"69881cd\" data-element_type=\"section\">\n\t\t\t\t\t\t<div class=\"elementor-container elementor-column-gap-default\">\n\t\t\t\t\t<div class=\"elementor-column elementor-col-50 elementor-top-column elementor-element elementor-element-7195721\" data-id=\"7195721\" data-element_type=\"column\">\n\t\t\t<div class=\"elementor-widget-wrap elementor-element-populated\">\n\t\t\t\t\t\t<div class=\"elementor-element elementor-element-2392a7f elementor-widget elementor-widget-image\" data-id=\"2392a7f\" data-element_type=\"widget\" data-widget_type=\"image.default\">\n\t\t\t\t<div class=\"elementor-widget-container\">\n\t\t\t\t\t\t\t\t\t\t\t\t\t\t\t<img fetchpriority=\"high\" decoding=\"async\" width=\"768\" height=\"1200\" src=\"https:\/\/ghislainevermette.com\/wp-content\/uploads\/2025\/04\/Lecho-du-lac-Wolfe_C1-scaled-1-768x1200.jpg\" class=\"attachment-medium_large size-medium_large wp-image-573 no-lazy\" alt=\"\" srcset=\"https:\/\/ghislainevermette.com\/wp-content\/uploads\/2025\/04\/Lecho-du-lac-Wolfe_C1-scaled-1-768x1200.jpg 768w, https:\/\/ghislainevermette.com\/wp-content\/uploads\/2025\/04\/Lecho-du-lac-Wolfe_C1-scaled-1-192x300.jpg 192w, https:\/\/ghislainevermette.com\/wp-content\/uploads\/2025\/04\/Lecho-du-lac-Wolfe_C1-scaled-1-655x1024.jpg 655w, https:\/\/ghislainevermette.com\/wp-content\/uploads\/2025\/04\/Lecho-du-lac-Wolfe_C1-scaled-1-983x1536.jpg 983w, https:\/\/ghislainevermette.com\/wp-content\/uploads\/2025\/04\/Lecho-du-lac-Wolfe_C1-scaled-1-1310x2048.jpg 1310w, https:\/\/ghislainevermette.com\/wp-content\/uploads\/2025\/04\/Lecho-du-lac-Wolfe_C1-scaled-1.jpg 1638w\" sizes=\"(max-width: 768px) 100vw, 768px\" \/>\t\t\t\t\t\t\t\t\t\t\t\t\t\t\t<\/div>\n\t\t\t\t<\/div>\n\t\t\t\t\t<\/div>\n\t\t<\/div>\n\t\t\t\t<div class=\"elementor-column elementor-col-50 elementor-top-column elementor-element elementor-element-cb2bd7a\" data-id=\"cb2bd7a\" data-element_type=\"column\">\n\t\t\t<div class=\"elementor-widget-wrap elementor-element-populated\">\n\t\t\t\t\t\t<div class=\"elementor-element elementor-element-d2c6764 elementor-widget elementor-widget-text-editor\" data-id=\"d2c6764\" data-element_type=\"widget\" data-widget_type=\"text-editor.default\">\n\t\t\t\t<div class=\"elementor-widget-container\">\n\t\t\t\t\t\t\t\t\t<p><em>L\u2019\u00e9cho du lac Wolfe<\/em>\u00a0semble donner des indices \u00e0 Annie Latendresse alors qu\u2019elle s\u2019est retir\u00e9e de sa routine afin de pouvoir cheminer. Elle se r\u00e9fugie dans un chalet au bord du lac Wolfe o\u00f9 elle entend des \u00e9chos qui refl\u00e8tent ses \u00e9tats d\u2019\u00e2me. Celle-ci souffre de d\u00e9pression, \u00e0 la grande surprise de ses proches. Un professionnel de la sant\u00e9 mentale lui sugg\u00e8re des vacances solitaires pour se retrouver et se ressourcer. La jeune femme choisit alors de s\u2019isoler dans une pourvoirie au bord d\u2019un lac. Pendant son s\u00e9jour, elle commence une introspection en \u00e9crivant ses pens\u00e9es. Annie revoit sa vie et identifie ses relations probl\u00e9matiques. \u00c0 l\u2019aide de livres qu\u2019elle a achet\u00e9s dans une vente-d\u00e9barras, la vacanci\u00e8re trouve des pistes pour r\u00e9gler certains de ses probl\u00e8mes. Elle consid\u00e8re appliquer certains changements positifs \u00e0 sa vie, qu\u2019elle a appris \u00e0 travers ses lectures. Est-ce qu\u2019elle r\u00e9ussira \u00e0 s\u2019en sortir ?<\/p>\t\t\t\t\t\t\t\t<\/div>\n\t\t\t\t<\/div>\n\t\t\t\t<section class=\"elementor-section elementor-inner-section elementor-element elementor-element-edccf71 elementor-section-boxed elementor-section-height-default elementor-section-height-default\" data-id=\"edccf71\" data-element_type=\"section\">\n\t\t\t\t\t\t<div class=\"elementor-container elementor-column-gap-default\">\n\t\t\t\t\t<div class=\"elementor-column elementor-col-50 elementor-inner-column elementor-element elementor-element-bcf21ec\" data-id=\"bcf21ec\" data-element_type=\"column\">\n\t\t\t<div class=\"elementor-widget-wrap elementor-element-populated\">\n\t\t\t\t\t\t<div class=\"elementor-element elementor-element-3e183bb elementor-widget elementor-widget-spacer\" data-id=\"3e183bb\" data-element_type=\"widget\" data-widget_type=\"spacer.default\">\n\t\t\t\t<div class=\"elementor-widget-container\">\n\t\t\t\t\t\t\t<div class=\"elementor-spacer\">\n\t\t\t<div class=\"elementor-spacer-inner\"><\/div>\n\t\t<\/div>\n\t\t\t\t\t\t<\/div>\n\t\t\t\t<\/div>\n\t\t\t\t\t<\/div>\n\t\t<\/div>\n\t\t\t\t<div class=\"elementor-column elementor-col-50 elementor-inner-column elementor-element elementor-element-c89e4d3\" data-id=\"c89e4d3\" data-element_type=\"column\">\n\t\t\t<div class=\"elementor-widget-wrap\">\n\t\t\t\t\t\t\t<\/div>\n\t\t<\/div>\n\t\t\t\t\t<\/div>\n\t\t<\/section>\n\t\t\t\t<section class=\"elementor-section elementor-inner-section elementor-element elementor-element-f81fcc9 elementor-section-boxed elementor-section-height-default elementor-section-height-default\" data-id=\"f81fcc9\" data-element_type=\"section\">\n\t\t\t\t\t\t<div class=\"elementor-container elementor-column-gap-default\">\n\t\t\t\t\t<div class=\"elementor-column elementor-col-100 elementor-inner-column elementor-element elementor-element-f7fdd55\" data-id=\"f7fdd55\" data-element_type=\"column\">\n\t\t\t<div class=\"elementor-widget-wrap elementor-element-populated\">\n\t\t\t\t\t\t<div class=\"elementor-element elementor-element-bbf67bf elementor-widget elementor-widget-heading\" data-id=\"bbf67bf\" data-element_type=\"widget\" data-widget_type=\"heading.default\">\n\t\t\t\t<div class=\"elementor-widget-container\">\n\t\t\t\t\t<h4 class=\"elementor-heading-title elementor-size-medium\">Pour Achat En Ligne<\/h4>\t\t\t\t<\/div>\n\t\t\t\t<\/div>\n\t\t\t\t\t<\/div>\n\t\t<\/div>\n\t\t\t\t\t<\/div>\n\t\t<\/section>\n\t\t\t\t<section class=\"elementor-section elementor-inner-section elementor-element elementor-element-18469e2 elementor-section-boxed elementor-section-height-default elementor-section-height-default\" data-id=\"18469e2\" data-element_type=\"section\">\n\t\t\t\t\t\t<div class=\"elementor-container elementor-column-gap-default\">\n\t\t\t\t\t<div class=\"elementor-column elementor-col-50 elementor-inner-column elementor-element elementor-element-82ae989\" data-id=\"82ae989\" data-element_type=\"column\">\n\t\t\t<div class=\"elementor-widget-wrap elementor-element-populated\">\n\t\t\t\t\t\t<div class=\"elementor-element elementor-element-d8837f3 elementor-widget elementor-widget-button\" data-id=\"d8837f3\" data-element_type=\"widget\" data-widget_type=\"button.default\">\n\t\t\t\t<div class=\"elementor-widget-container\">\n\t\t\t\t\t\t\t\t\t<div class=\"elementor-button-wrapper\">\n\t\t\t\t\t<a class=\"elementor-button elementor-button-link elementor-size-sm\" href=\"https:\/\/www.anboutique.ca\/catalogue\/livres-francophones\/roman\/lecho-du-lac-wolfe\/\">\n\t\t\t\t\t\t<span class=\"elementor-button-content-wrapper\">\n\t\t\t\t\t\t\t\t\t<span class=\"elementor-button-text\">AN Boutique<\/span>\n\t\t\t\t\t<\/span>\n\t\t\t\t\t<\/a>\n\t\t\t\t<\/div>\n\t\t\t\t\t\t\t\t<\/div>\n\t\t\t\t<\/div>\n\t\t\t\t\t<\/div>\n\t\t<\/div>\n\t\t\t\t<div class=\"elementor-column elementor-col-50 elementor-inner-column elementor-element elementor-element-4f6adba\" data-id=\"4f6adba\" data-element_type=\"column\">\n\t\t\t<div class=\"elementor-widget-wrap elementor-element-populated\">\n\t\t\t\t\t\t<div class=\"elementor-element elementor-element-fea60c8 elementor-widget elementor-widget-button\" data-id=\"fea60c8\" data-element_type=\"widget\" data-widget_type=\"button.default\">\n\t\t\t\t<div class=\"elementor-widget-container\">\n\t\t\t\t\t\t\t\t\t<div class=\"elementor-button-wrapper\">\n\t\t\t\t\t<a class=\"elementor-button elementor-button-link elementor-size-sm\" href=\"https:\/\/www.amazon.ca\/L%C3%A9cho-du-lac-Wolfe-French-ebook\/dp\/B0DHSCSTS8\">\n\t\t\t\t\t\t<span class=\"elementor-button-content-wrapper\">\n\t\t\t\t\t\t\t\t\t<span class=\"elementor-button-text\">Amazon<\/span>\n\t\t\t\t\t<\/span>\n\t\t\t\t\t<\/a>\n\t\t\t\t<\/div>\n\t\t\t\t\t\t\t\t<\/div>\n\t\t\t\t<\/div>\n\t\t\t\t\t<\/div>\n\t\t<\/div>\n\t\t\t\t\t<\/div>\n\t\t<\/section>\n\t\t\t\t\t<\/div>\n\t\t<\/div>\n\t\t\t\t\t<\/div>\n\t\t<\/section>\n\t\t\t\t<\/div>\n\t\t","protected":false},"excerpt":{"rendered":"<p>L\u2019\u00e9cho du lac Wolfe\u00a0semble donner des indices \u00e0 Annie Latendresse alors qu\u2019elle s\u2019est retir\u00e9e de sa routine afin de pouvoir cheminer. Elle se r\u00e9fugie dans un chalet au bord du lac Wolfe o\u00f9 elle entend des \u00e9chos qui refl\u00e8tent ses \u00e9tats d\u2019\u00e2me. Celle-ci souffre de d\u00e9pression, \u00e0 la grande surprise de ses proches. Un professionnel [&hellip;]<\/p>\n","protected":false},"author":1,"featured_media":0,"parent":0,"menu_order":0,"comment_status":"closed","ping_status":"closed","template":"","meta":{"footnotes":""},"class_list":["post-572","page","type-page","status-publish","czr-hentry"],"jetpack_sharing_enabled":true,"_links":{"self":[{"href":"https:\/\/ghislainevermette.com\/index.php?rest_route=\/wp\/v2\/pages\/572","targetHints":{"allow":["GET"]}}],"collection":[{"href":"https:\/\/ghislainevermette.com\/index.php?rest_route=\/wp\/v2\/pages"}],"about":[{"href":"https:\/\/ghislainevermette.com\/index.php?rest_route=\/wp\/v2\/types\/page"}],"author":[{"embeddable":true,"href":"https:\/\/ghislainevermette.com\/index.php?rest_route=\/wp\/v2\/users\/1"}],"replies":[{"embeddable":true,"href":"https:\/\/ghislainevermette.com\/index.php?rest_route=%2Fwp%2Fv2%2Fcomments&post=572"}],"version-history":[{"count":7,"href":"https:\/\/ghislainevermette.com\/index.php?rest_route=\/wp\/v2\/pages\/572\/revisions"}],"predecessor-version":[{"id":580,"href":"https:\/\/ghislainevermette.com\/index.php?rest_route=\/wp\/v2\/pages\/572\/revisions\/580"}],"wp:attachment":[{"href":"https:\/\/ghislainevermette.com\/index.php?rest_route=%2Fwp%2Fv2%2Fmedia&parent=572"}],"curies":[{"name":"wp","href":"https:\/\/api.w.org\/{rel}","templated":true}]}}