{"id":595,"date":"2025-04-02T14:22:24","date_gmt":"2025-04-02T19:22:24","guid":{"rendered":"https:\/\/ghislainevermette.com\/?page_id=595"},"modified":"2025-04-02T14:24:42","modified_gmt":"2025-04-02T19:24:42","slug":"julia-julie-et-julien-3","status":"publish","type":"page","link":"https:\/\/ghislainevermette.com\/?page_id=595","title":{"rendered":"L&rsquo;\u00e2ge de la mis\u00e8re"},"content":{"rendered":"\t\t<div data-elementor-type=\"wp-page\" data-elementor-id=\"595\" class=\"elementor elementor-595\">\n\t\t\t\t\t\t<section class=\"elementor-section elementor-top-section elementor-element elementor-element-69881cd elementor-section-boxed elementor-section-height-default elementor-section-height-default\" data-id=\"69881cd\" data-element_type=\"section\">\n\t\t\t\t\t\t<div class=\"elementor-container elementor-column-gap-default\">\n\t\t\t\t\t<div class=\"elementor-column elementor-col-50 elementor-top-column elementor-element elementor-element-7195721\" data-id=\"7195721\" data-element_type=\"column\">\n\t\t\t<div class=\"elementor-widget-wrap elementor-element-populated\">\n\t\t\t\t\t\t<div class=\"elementor-element elementor-element-2392a7f elementor-widget elementor-widget-image\" data-id=\"2392a7f\" data-element_type=\"widget\" data-widget_type=\"image.default\">\n\t\t\t\t<div class=\"elementor-widget-container\">\n\t\t\t\t\t\t\t\t\t\t\t\t\t\t\t<img fetchpriority=\"high\" decoding=\"async\" width=\"768\" height=\"1180\" src=\"https:\/\/ghislainevermette.com\/wp-content\/uploads\/2025\/04\/81G8bl0e0bL._SL1500_-768x1180.jpg\" class=\"attachment-medium_large size-medium_large wp-image-596 no-lazy\" alt=\"\" srcset=\"https:\/\/ghislainevermette.com\/wp-content\/uploads\/2025\/04\/81G8bl0e0bL._SL1500_-768x1180.jpg 768w, https:\/\/ghislainevermette.com\/wp-content\/uploads\/2025\/04\/81G8bl0e0bL._SL1500_-195x300.jpg 195w, https:\/\/ghislainevermette.com\/wp-content\/uploads\/2025\/04\/81G8bl0e0bL._SL1500_-666x1024.jpg 666w, https:\/\/ghislainevermette.com\/wp-content\/uploads\/2025\/04\/81G8bl0e0bL._SL1500_.jpg 976w\" sizes=\"(max-width: 768px) 100vw, 768px\" \/>\t\t\t\t\t\t\t\t\t\t\t\t\t\t\t<\/div>\n\t\t\t\t<\/div>\n\t\t\t\t\t<\/div>\n\t\t<\/div>\n\t\t\t\t<div class=\"elementor-column elementor-col-50 elementor-top-column elementor-element elementor-element-cb2bd7a\" data-id=\"cb2bd7a\" data-element_type=\"column\">\n\t\t\t<div class=\"elementor-widget-wrap elementor-element-populated\">\n\t\t\t\t\t\t<div class=\"elementor-element elementor-element-d2c6764 elementor-widget elementor-widget-text-editor\" data-id=\"d2c6764\" data-element_type=\"widget\" data-widget_type=\"text-editor.default\">\n\t\t\t\t<div class=\"elementor-widget-container\">\n\t\t\t\t\t\t\t\t\t<p>L\u2019\u00e2ge de la mis\u00e8re relate les derni\u00e8res ann\u00e9es dans l\u2019existence de Gracia Bibeau. La maltraitance et l\u2019abus ne sont pas toujours des cas o\u00f9 les ecchymoses sont visibles, mais ils causent toujours des bleus au coeur et dans l\u2019\u00e2me.<\/p><p>En un instant, l\u2019a\u00een\u00e9e cessa de vivre l\u2019\u00e2ge d\u2019or et commen\u00e7a l\u2019\u00e2ge de la mis\u00e8re, pour ne pas dire<br \/>l\u2019\u00e2ge de la merde. Pour Gracia Bibeau, l\u2019\u00e2ge de la mis\u00e8re commen\u00e7a \u00e0 la suite d\u2019une chute. En trois ans, cette septuag\u00e9naire est pass\u00e9e d\u2019une personne tr\u00e8s active et autonome \u00e0 une patiente compl\u00e8tement d\u00e9pendante.<br \/>\u00ab Ce n\u2019est pas dr\u00f4le de vieillir. \u00bb Voil\u00e0 la dure r\u00e9alit\u00e9 de Gracia Bibeau.<\/p><p>C\u2019est avec empathie que l\u2019on suit l\u2019\u00e9tat d\u2019\u00e2me de cette femme au troisi\u00e8me \u00e2ge. Tour \u00e0 tour, ses joies, ses tristesses, des abus, et m\u00eame la maltraitance se d\u00e9roulent de mani\u00e8re subtile. Est-ce que Gracia Bibeau pourra retrouver le bonheur ?<\/p>\t\t\t\t\t\t\t\t<\/div>\n\t\t\t\t<\/div>\n\t\t\t\t<section class=\"elementor-section elementor-inner-section elementor-element elementor-element-edccf71 elementor-section-boxed elementor-section-height-default elementor-section-height-default\" data-id=\"edccf71\" data-element_type=\"section\">\n\t\t\t\t\t\t<div class=\"elementor-container elementor-column-gap-default\">\n\t\t\t\t\t<div class=\"elementor-column elementor-col-50 elementor-inner-column elementor-element elementor-element-bcf21ec\" data-id=\"bcf21ec\" data-element_type=\"column\">\n\t\t\t<div class=\"elementor-widget-wrap elementor-element-populated\">\n\t\t\t\t\t\t<div class=\"elementor-element elementor-element-3e183bb elementor-widget elementor-widget-spacer\" data-id=\"3e183bb\" data-element_type=\"widget\" data-widget_type=\"spacer.default\">\n\t\t\t\t<div class=\"elementor-widget-container\">\n\t\t\t\t\t\t\t<div class=\"elementor-spacer\">\n\t\t\t<div class=\"elementor-spacer-inner\"><\/div>\n\t\t<\/div>\n\t\t\t\t\t\t<\/div>\n\t\t\t\t<\/div>\n\t\t\t\t\t<\/div>\n\t\t<\/div>\n\t\t\t\t<div class=\"elementor-column elementor-col-50 elementor-inner-column elementor-element elementor-element-c89e4d3\" data-id=\"c89e4d3\" data-element_type=\"column\">\n\t\t\t<div class=\"elementor-widget-wrap\">\n\t\t\t\t\t\t\t<\/div>\n\t\t<\/div>\n\t\t\t\t\t<\/div>\n\t\t<\/section>\n\t\t\t\t<section class=\"elementor-section elementor-inner-section elementor-element elementor-element-f81fcc9 elementor-section-boxed elementor-section-height-default elementor-section-height-default\" data-id=\"f81fcc9\" data-element_type=\"section\">\n\t\t\t\t\t\t<div class=\"elementor-container elementor-column-gap-default\">\n\t\t\t\t\t<div class=\"elementor-column elementor-col-100 elementor-inner-column elementor-element elementor-element-f7fdd55\" data-id=\"f7fdd55\" data-element_type=\"column\">\n\t\t\t<div class=\"elementor-widget-wrap elementor-element-populated\">\n\t\t\t\t\t\t<div class=\"elementor-element elementor-element-bbf67bf elementor-widget elementor-widget-heading\" data-id=\"bbf67bf\" data-element_type=\"widget\" data-widget_type=\"heading.default\">\n\t\t\t\t<div class=\"elementor-widget-container\">\n\t\t\t\t\t<h4 class=\"elementor-heading-title elementor-size-medium\">Pour Achat En Ligne<\/h4>\t\t\t\t<\/div>\n\t\t\t\t<\/div>\n\t\t\t\t\t<\/div>\n\t\t<\/div>\n\t\t\t\t\t<\/div>\n\t\t<\/section>\n\t\t\t\t<section class=\"elementor-section elementor-inner-section elementor-element elementor-element-18469e2 elementor-section-boxed elementor-section-height-default elementor-section-height-default\" data-id=\"18469e2\" data-element_type=\"section\">\n\t\t\t\t\t\t<div class=\"elementor-container elementor-column-gap-default\">\n\t\t\t\t\t<div class=\"elementor-column elementor-col-50 elementor-inner-column elementor-element elementor-element-82ae989\" data-id=\"82ae989\" data-element_type=\"column\">\n\t\t\t<div class=\"elementor-widget-wrap elementor-element-populated\">\n\t\t\t\t\t\t<div class=\"elementor-element elementor-element-d8837f3 elementor-widget elementor-widget-button\" data-id=\"d8837f3\" data-element_type=\"widget\" data-widget_type=\"button.default\">\n\t\t\t\t<div class=\"elementor-widget-container\">\n\t\t\t\t\t\t\t\t\t<div class=\"elementor-button-wrapper\">\n\t\t\t\t\t<a class=\"elementor-button elementor-button-link elementor-size-sm\" href=\"https:\/\/www.anboutique.ca\/catalogue\/livres-francophones\/roman\/lage-de-la-misere\/\">\n\t\t\t\t\t\t<span class=\"elementor-button-content-wrapper\">\n\t\t\t\t\t\t\t\t\t<span class=\"elementor-button-text\">AN Boutique<\/span>\n\t\t\t\t\t<\/span>\n\t\t\t\t\t<\/a>\n\t\t\t\t<\/div>\n\t\t\t\t\t\t\t\t<\/div>\n\t\t\t\t<\/div>\n\t\t\t\t\t<\/div>\n\t\t<\/div>\n\t\t\t\t<div class=\"elementor-column elementor-col-50 elementor-inner-column elementor-element elementor-element-4f6adba\" data-id=\"4f6adba\" data-element_type=\"column\">\n\t\t\t<div class=\"elementor-widget-wrap elementor-element-populated\">\n\t\t\t\t\t\t<div class=\"elementor-element elementor-element-fea60c8 elementor-widget elementor-widget-button\" data-id=\"fea60c8\" data-element_type=\"widget\" data-widget_type=\"button.default\">\n\t\t\t\t<div class=\"elementor-widget-container\">\n\t\t\t\t\t\t\t\t\t<div class=\"elementor-button-wrapper\">\n\t\t\t\t\t<a class=\"elementor-button elementor-button-link elementor-size-sm\" href=\"https:\/\/www.amazon.ca\/L%C3%A2ge-mis%C3%A8re-French-Ghislaine-Vermette-ebook\/dp\/B0F2X4C5DX\/\">\n\t\t\t\t\t\t<span class=\"elementor-button-content-wrapper\">\n\t\t\t\t\t\t\t\t\t<span class=\"elementor-button-text\">Amazon<\/span>\n\t\t\t\t\t<\/span>\n\t\t\t\t\t<\/a>\n\t\t\t\t<\/div>\n\t\t\t\t\t\t\t\t<\/div>\n\t\t\t\t<\/div>\n\t\t\t\t\t<\/div>\n\t\t<\/div>\n\t\t\t\t\t<\/div>\n\t\t<\/section>\n\t\t\t\t\t<\/div>\n\t\t<\/div>\n\t\t\t\t\t<\/div>\n\t\t<\/section>\n\t\t\t\t<\/div>\n\t\t","protected":false},"excerpt":{"rendered":"<p>L\u2019\u00e2ge de la mis\u00e8re relate les derni\u00e8res ann\u00e9es dans l\u2019existence de Gracia Bibeau. La maltraitance et l\u2019abus ne sont pas toujours des cas o\u00f9 les ecchymoses sont visibles, mais ils causent toujours des bleus au coeur et dans l\u2019\u00e2me. En un instant, l\u2019a\u00een\u00e9e cessa de vivre l\u2019\u00e2ge d\u2019or et commen\u00e7a l\u2019\u00e2ge de la mis\u00e8re, pour [&hellip;]<\/p>\n","protected":false},"author":1,"featured_media":0,"parent":0,"menu_order":0,"comment_status":"closed","ping_status":"closed","template":"","meta":{"footnotes":""},"class_list":["post-595","page","type-page","status-publish","czr-hentry"],"jetpack_sharing_enabled":true,"_links":{"self":[{"href":"https:\/\/ghislainevermette.com\/index.php?rest_route=\/wp\/v2\/pages\/595","targetHints":{"allow":["GET"]}}],"collection":[{"href":"https:\/\/ghislainevermette.com\/index.php?rest_route=\/wp\/v2\/pages"}],"about":[{"href":"https:\/\/ghislainevermette.com\/index.php?rest_route=\/wp\/v2\/types\/page"}],"author":[{"embeddable":true,"href":"https:\/\/ghislainevermette.com\/index.php?rest_route=\/wp\/v2\/users\/1"}],"replies":[{"embeddable":true,"href":"https:\/\/ghislainevermette.com\/index.php?rest_route=%2Fwp%2Fv2%2Fcomments&post=595"}],"version-history":[{"count":7,"href":"https:\/\/ghislainevermette.com\/index.php?rest_route=\/wp\/v2\/pages\/595\/revisions"}],"predecessor-version":[{"id":603,"href":"https:\/\/ghislainevermette.com\/index.php?rest_route=\/wp\/v2\/pages\/595\/revisions\/603"}],"wp:attachment":[{"href":"https:\/\/ghislainevermette.com\/index.php?rest_route=%2Fwp%2Fv2%2Fmedia&parent=595"}],"curies":[{"name":"wp","href":"https:\/\/api.w.org\/{rel}","templated":true}]}}