{"id":611,"date":"2025-09-09T09:18:17","date_gmt":"2025-09-09T14:18:17","guid":{"rendered":"https:\/\/ghislainevermette.com\/?page_id=611"},"modified":"2025-09-09T09:35:10","modified_gmt":"2025-09-09T14:35:10","slug":"noel-chez-mimi","status":"publish","type":"page","link":"https:\/\/ghislainevermette.com\/?page_id=611","title":{"rendered":"No\u00ebl chez Mimi"},"content":{"rendered":"\t\t<div data-elementor-type=\"wp-page\" data-elementor-id=\"611\" class=\"elementor elementor-611\">\n\t\t\t\t\t\t<section class=\"elementor-section elementor-top-section elementor-element elementor-element-69881cd elementor-section-boxed elementor-section-height-default elementor-section-height-default\" data-id=\"69881cd\" data-element_type=\"section\">\n\t\t\t\t\t\t<div class=\"elementor-container elementor-column-gap-default\">\n\t\t\t\t\t<div class=\"elementor-column elementor-col-50 elementor-top-column elementor-element elementor-element-7195721\" data-id=\"7195721\" data-element_type=\"column\">\n\t\t\t<div class=\"elementor-widget-wrap elementor-element-populated\">\n\t\t\t\t\t\t<div class=\"elementor-element elementor-element-2392a7f elementor-widget elementor-widget-image\" data-id=\"2392a7f\" data-element_type=\"widget\" data-widget_type=\"image.default\">\n\t\t\t\t<div class=\"elementor-widget-container\">\n\t\t\t\t\t\t\t\t\t\t\t\t\t\t\t<img fetchpriority=\"high\" decoding=\"async\" width=\"611\" height=\"790\" src=\"https:\/\/ghislainevermette.com\/wp-content\/uploads\/2025\/09\/BK102196.jpg\" class=\"attachment-medium_large size-medium_large wp-image-613 no-lazy\" alt=\"\" srcset=\"https:\/\/ghislainevermette.com\/wp-content\/uploads\/2025\/09\/BK102196.jpg 611w, https:\/\/ghislainevermette.com\/wp-content\/uploads\/2025\/09\/BK102196-232x300.jpg 232w\" sizes=\"(max-width: 611px) 100vw, 611px\" \/>\t\t\t\t\t\t\t\t\t\t\t\t\t\t\t<\/div>\n\t\t\t\t<\/div>\n\t\t\t\t\t<\/div>\n\t\t<\/div>\n\t\t\t\t<div class=\"elementor-column elementor-col-50 elementor-top-column elementor-element elementor-element-cb2bd7a\" data-id=\"cb2bd7a\" data-element_type=\"column\">\n\t\t\t<div class=\"elementor-widget-wrap elementor-element-populated\">\n\t\t\t\t\t\t<div class=\"elementor-element elementor-element-d2c6764 elementor-widget elementor-widget-text-editor\" data-id=\"d2c6764\" data-element_type=\"widget\" data-widget_type=\"text-editor.default\">\n\t\t\t\t<div class=\"elementor-widget-container\">\n\t\t\t\t\t\t\t\t\t<p>C\u2019est le premier No\u00ebl pour Mimi avec sa nouvelle famille. Le chaton regarde tous les pr\u00e9paratifs avec \u00e9tonnement.\u00a0<\/p><p>La famille a d\u00e9cor\u00e9 un arbre dans le salon et ils ont fait beaucoup de pr\u00e9paratifs. Les enfants attendent le P\u00e8re No\u00ebl.\u00a0<\/p><p>Mimi ne connait pas ce personnage mais elle le rencontre le soir de No\u00ebl. Il lui laisse un beau cadeau.<\/p>\t\t\t\t\t\t\t\t<\/div>\n\t\t\t\t<\/div>\n\t\t\t\t<section class=\"elementor-section elementor-inner-section elementor-element elementor-element-edccf71 elementor-section-boxed elementor-section-height-default elementor-section-height-default\" data-id=\"edccf71\" data-element_type=\"section\">\n\t\t\t\t\t\t<div class=\"elementor-container elementor-column-gap-default\">\n\t\t\t\t\t<div class=\"elementor-column elementor-col-50 elementor-inner-column elementor-element elementor-element-bcf21ec\" data-id=\"bcf21ec\" data-element_type=\"column\">\n\t\t\t<div class=\"elementor-widget-wrap elementor-element-populated\">\n\t\t\t\t\t\t<div class=\"elementor-element elementor-element-3e183bb elementor-widget elementor-widget-spacer\" data-id=\"3e183bb\" data-element_type=\"widget\" data-widget_type=\"spacer.default\">\n\t\t\t\t<div class=\"elementor-widget-container\">\n\t\t\t\t\t\t\t<div class=\"elementor-spacer\">\n\t\t\t<div class=\"elementor-spacer-inner\"><\/div>\n\t\t<\/div>\n\t\t\t\t\t\t<\/div>\n\t\t\t\t<\/div>\n\t\t\t\t\t<\/div>\n\t\t<\/div>\n\t\t\t\t<div class=\"elementor-column elementor-col-50 elementor-inner-column elementor-element elementor-element-c89e4d3\" data-id=\"c89e4d3\" data-element_type=\"column\">\n\t\t\t<div class=\"elementor-widget-wrap\">\n\t\t\t\t\t\t\t<\/div>\n\t\t<\/div>\n\t\t\t\t\t<\/div>\n\t\t<\/section>\n\t\t\t\t<section class=\"elementor-section elementor-inner-section elementor-element elementor-element-f81fcc9 elementor-section-boxed elementor-section-height-default elementor-section-height-default\" data-id=\"f81fcc9\" data-element_type=\"section\">\n\t\t\t\t\t\t<div class=\"elementor-container elementor-column-gap-default\">\n\t\t\t\t\t<div class=\"elementor-column elementor-col-100 elementor-inner-column elementor-element elementor-element-f7fdd55\" data-id=\"f7fdd55\" data-element_type=\"column\">\n\t\t\t<div class=\"elementor-widget-wrap elementor-element-populated\">\n\t\t\t\t\t\t<div class=\"elementor-element elementor-element-bbf67bf elementor-widget elementor-widget-heading\" data-id=\"bbf67bf\" data-element_type=\"widget\" data-widget_type=\"heading.default\">\n\t\t\t\t<div class=\"elementor-widget-container\">\n\t\t\t\t\t<h4 class=\"elementor-heading-title elementor-size-medium\">Pour Achat En Ligne<\/h4>\t\t\t\t<\/div>\n\t\t\t\t<\/div>\n\t\t\t\t\t<\/div>\n\t\t<\/div>\n\t\t\t\t\t<\/div>\n\t\t<\/section>\n\t\t\t\t<section class=\"elementor-section elementor-inner-section elementor-element elementor-element-18469e2 elementor-section-boxed elementor-section-height-default elementor-section-height-default\" data-id=\"18469e2\" data-element_type=\"section\">\n\t\t\t\t\t\t<div class=\"elementor-container elementor-column-gap-default\">\n\t\t\t\t\t<div class=\"elementor-column elementor-col-50 elementor-inner-column elementor-element elementor-element-82ae989\" data-id=\"82ae989\" data-element_type=\"column\">\n\t\t\t<div class=\"elementor-widget-wrap elementor-element-populated\">\n\t\t\t\t\t\t<div class=\"elementor-element elementor-element-d8837f3 elementor-widget elementor-widget-button\" data-id=\"d8837f3\" data-element_type=\"widget\" data-widget_type=\"button.default\">\n\t\t\t\t<div class=\"elementor-widget-container\">\n\t\t\t\t\t\t\t\t\t<div class=\"elementor-button-wrapper\">\n\t\t\t\t\t<a class=\"elementor-button elementor-button-link elementor-size-sm\" href=\"https:\/\/boutique.bouquinbec.ca\/produit\/noel-chez-mimi\/\">\n\t\t\t\t\t\t<span class=\"elementor-button-content-wrapper\">\n\t\t\t\t\t\t\t\t\t<span class=\"elementor-button-text\">Bouqinbec<\/span>\n\t\t\t\t\t<\/span>\n\t\t\t\t\t<\/a>\n\t\t\t\t<\/div>\n\t\t\t\t\t\t\t\t<\/div>\n\t\t\t\t<\/div>\n\t\t\t\t\t<\/div>\n\t\t<\/div>\n\t\t\t\t<div class=\"elementor-column elementor-col-50 elementor-inner-column elementor-element elementor-element-4f6adba\" data-id=\"4f6adba\" data-element_type=\"column\">\n\t\t\t<div class=\"elementor-widget-wrap elementor-element-populated\">\n\t\t\t\t\t\t<div class=\"elementor-element elementor-element-fea60c8 elementor-widget elementor-widget-button\" data-id=\"fea60c8\" data-element_type=\"widget\" data-widget_type=\"button.default\">\n\t\t\t\t<div class=\"elementor-widget-container\">\n\t\t\t\t\t\t\t\t\t<div class=\"elementor-button-wrapper\">\n\t\t\t\t\t<a class=\"elementor-button elementor-button-link elementor-size-sm\" href=\"https:\/\/www.amazon.ca\/No%C3%ABl-chez-Mimi-Ghislaine-Vermette\/dp\/292538112X\">\n\t\t\t\t\t\t<span class=\"elementor-button-content-wrapper\">\n\t\t\t\t\t\t\t\t\t<span class=\"elementor-button-text\">Amazon<\/span>\n\t\t\t\t\t<\/span>\n\t\t\t\t\t<\/a>\n\t\t\t\t<\/div>\n\t\t\t\t\t\t\t\t<\/div>\n\t\t\t\t<\/div>\n\t\t\t\t\t<\/div>\n\t\t<\/div>\n\t\t\t\t\t<\/div>\n\t\t<\/section>\n\t\t\t\t\t<\/div>\n\t\t<\/div>\n\t\t\t\t\t<\/div>\n\t\t<\/section>\n\t\t\t\t<\/div>\n\t\t","protected":false},"excerpt":{"rendered":"<p>C\u2019est le premier No\u00ebl pour Mimi avec sa nouvelle famille. Le chaton regarde tous les pr\u00e9paratifs avec \u00e9tonnement.\u00a0 La famille a d\u00e9cor\u00e9 un arbre dans le salon et ils ont fait beaucoup de pr\u00e9paratifs. Les enfants attendent le P\u00e8re No\u00ebl.\u00a0 Mimi ne connait pas ce personnage mais elle le rencontre le soir de No\u00ebl. Il [&hellip;]<\/p>\n","protected":false},"author":1,"featured_media":0,"parent":0,"menu_order":0,"comment_status":"closed","ping_status":"closed","template":"","meta":{"footnotes":""},"class_list":["post-611","page","type-page","status-publish","czr-hentry"],"jetpack_sharing_enabled":true,"_links":{"self":[{"href":"https:\/\/ghislainevermette.com\/index.php?rest_route=\/wp\/v2\/pages\/611","targetHints":{"allow":["GET"]}}],"collection":[{"href":"https:\/\/ghislainevermette.com\/index.php?rest_route=\/wp\/v2\/pages"}],"about":[{"href":"https:\/\/ghislainevermette.com\/index.php?rest_route=\/wp\/v2\/types\/page"}],"author":[{"embeddable":true,"href":"https:\/\/ghislainevermette.com\/index.php?rest_route=\/wp\/v2\/users\/1"}],"replies":[{"embeddable":true,"href":"https:\/\/ghislainevermette.com\/index.php?rest_route=%2Fwp%2Fv2%2Fcomments&post=611"}],"version-history":[{"count":7,"href":"https:\/\/ghislainevermette.com\/index.php?rest_route=\/wp\/v2\/pages\/611\/revisions"}],"predecessor-version":[{"id":628,"href":"https:\/\/ghislainevermette.com\/index.php?rest_route=\/wp\/v2\/pages\/611\/revisions\/628"}],"wp:attachment":[{"href":"https:\/\/ghislainevermette.com\/index.php?rest_route=%2Fwp%2Fv2%2Fmedia&parent=611"}],"curies":[{"name":"wp","href":"https:\/\/api.w.org\/{rel}","templated":true}]}}