{"id":632,"date":"2026-05-11T09:46:29","date_gmt":"2026-05-11T14:46:29","guid":{"rendered":"https:\/\/ghislainevermette.com\/?page_id=632"},"modified":"2026-05-11T09:50:43","modified_gmt":"2026-05-11T14:50:43","slug":"noel-chez-mimi-2","status":"publish","type":"page","link":"https:\/\/ghislainevermette.com\/?page_id=632","title":{"rendered":"Mission de vie"},"content":{"rendered":"\t\t<div data-elementor-type=\"wp-page\" data-elementor-id=\"632\" class=\"elementor elementor-632\">\n\t\t\t\t\t\t<section class=\"elementor-section elementor-top-section elementor-element elementor-element-69881cd elementor-section-boxed elementor-section-height-default elementor-section-height-default\" data-id=\"69881cd\" data-element_type=\"section\" data-e-type=\"section\">\n\t\t\t\t\t\t<div class=\"elementor-container elementor-column-gap-default\">\n\t\t\t\t\t<div class=\"elementor-column elementor-col-50 elementor-top-column elementor-element elementor-element-7195721\" data-id=\"7195721\" data-element_type=\"column\" data-e-type=\"column\">\n\t\t\t<div class=\"elementor-widget-wrap elementor-element-populated\">\n\t\t\t\t\t\t<div class=\"elementor-element elementor-element-2392a7f elementor-widget elementor-widget-image\" data-id=\"2392a7f\" data-element_type=\"widget\" data-e-type=\"widget\" data-widget_type=\"image.default\">\n\t\t\t\t<div class=\"elementor-widget-container\">\n\t\t\t\t\t\t\t\t\t\t\t\t\t\t\t<img fetchpriority=\"high\" decoding=\"async\" width=\"768\" height=\"1175\" src=\"https:\/\/ghislainevermette.com\/wp-content\/uploads\/2026\/05\/Mission-de-vie_C1-1050x1607-1-768x1175.jpg\" class=\"attachment-medium_large size-medium_large wp-image-633 no-lazy\" alt=\"\" srcset=\"https:\/\/ghislainevermette.com\/wp-content\/uploads\/2026\/05\/Mission-de-vie_C1-1050x1607-1-768x1175.jpg 768w, https:\/\/ghislainevermette.com\/wp-content\/uploads\/2026\/05\/Mission-de-vie_C1-1050x1607-1-196x300.jpg 196w, https:\/\/ghislainevermette.com\/wp-content\/uploads\/2026\/05\/Mission-de-vie_C1-1050x1607-1-669x1024.jpg 669w, https:\/\/ghislainevermette.com\/wp-content\/uploads\/2026\/05\/Mission-de-vie_C1-1050x1607-1-1004x1536.jpg 1004w, https:\/\/ghislainevermette.com\/wp-content\/uploads\/2026\/05\/Mission-de-vie_C1-1050x1607-1.jpg 1050w\" sizes=\"(max-width: 768px) 100vw, 768px\" \/>\t\t\t\t\t\t\t\t\t\t\t\t\t\t\t<\/div>\n\t\t\t\t<\/div>\n\t\t\t\t\t<\/div>\n\t\t<\/div>\n\t\t\t\t<div class=\"elementor-column elementor-col-50 elementor-top-column elementor-element elementor-element-cb2bd7a\" data-id=\"cb2bd7a\" data-element_type=\"column\" data-e-type=\"column\">\n\t\t\t<div class=\"elementor-widget-wrap elementor-element-populated\">\n\t\t\t\t\t\t<div class=\"elementor-element elementor-element-d2c6764 elementor-widget elementor-widget-text-editor\" data-id=\"d2c6764\" data-element_type=\"widget\" data-e-type=\"widget\" data-widget_type=\"text-editor.default\">\n\t\t\t\t<div class=\"elementor-widget-container\">\n\t\t\t\t\t\t\t\t\t<p>Le m\u00e9tier de pompier n\u2019est pas toujours spectaculaire comme on le voit au cin\u00e9ma. Laurent Laflamme a rejoint les \u00e9quipes de sauveteurs afin de rendre service \u00e0 la population.<\/p><p>Il disait qu\u2019\u00eatre pompier \u00e9tait dans son ADN. Il a exerc\u00e9 ce m\u00e9tier toute sa vie. C\u2019\u00e9tait sa Mission de vie. Durant sa carri\u00e8re, il vit des tensions et des douleurs, mais cela est contrebalanc\u00e9 par la camaraderie qui existe entre les pompiers. Laurent Laflamme est une personne profond\u00e9ment humaine, mais vuln\u00e9rable et marqu\u00e9e par les sacrifices qu\u2019il doit faire \u00e0 cause de son m\u00e9tier qu\u2019il aime passionn\u00e9ment.<\/p><p>Derri\u00e8re l\u2019uniforme, le pompier doit faire face \u00e0 la r\u00e9alit\u00e9 de son emploi qui entra\u00eene des r\u00e9percussions sur sa vie personnelle et sa sant\u00e9 mentale.<\/p><p>\u00c0 la suite d\u2019un accident de travail, il doit faire des choix concernant sa carri\u00e8re et sa vie familiale. Est-il pr\u00eat \u00e0 payer le prix pour \u00eatre pompier ?<\/p>\t\t\t\t\t\t\t\t<\/div>\n\t\t\t\t<\/div>\n\t\t\t\t<section class=\"elementor-section elementor-inner-section elementor-element elementor-element-edccf71 elementor-section-boxed elementor-section-height-default elementor-section-height-default\" data-id=\"edccf71\" data-element_type=\"section\" data-e-type=\"section\">\n\t\t\t\t\t\t<div class=\"elementor-container elementor-column-gap-default\">\n\t\t\t\t\t<div class=\"elementor-column elementor-col-50 elementor-inner-column elementor-element elementor-element-bcf21ec\" data-id=\"bcf21ec\" data-element_type=\"column\" data-e-type=\"column\">\n\t\t\t<div class=\"elementor-widget-wrap elementor-element-populated\">\n\t\t\t\t\t\t<div class=\"elementor-element elementor-element-3e183bb elementor-widget elementor-widget-spacer\" data-id=\"3e183bb\" data-element_type=\"widget\" data-e-type=\"widget\" data-widget_type=\"spacer.default\">\n\t\t\t\t<div class=\"elementor-widget-container\">\n\t\t\t\t\t\t\t<div class=\"elementor-spacer\">\n\t\t\t<div class=\"elementor-spacer-inner\"><\/div>\n\t\t<\/div>\n\t\t\t\t\t\t<\/div>\n\t\t\t\t<\/div>\n\t\t\t\t\t<\/div>\n\t\t<\/div>\n\t\t\t\t<div class=\"elementor-column elementor-col-50 elementor-inner-column elementor-element elementor-element-c89e4d3\" data-id=\"c89e4d3\" data-element_type=\"column\" data-e-type=\"column\">\n\t\t\t<div class=\"elementor-widget-wrap\">\n\t\t\t\t\t\t\t<\/div>\n\t\t<\/div>\n\t\t\t\t\t<\/div>\n\t\t<\/section>\n\t\t\t\t<section class=\"elementor-section elementor-inner-section elementor-element elementor-element-f81fcc9 elementor-section-boxed elementor-section-height-default elementor-section-height-default\" data-id=\"f81fcc9\" data-element_type=\"section\" data-e-type=\"section\">\n\t\t\t\t\t\t<div class=\"elementor-container elementor-column-gap-default\">\n\t\t\t\t\t<div class=\"elementor-column elementor-col-100 elementor-inner-column elementor-element elementor-element-f7fdd55\" data-id=\"f7fdd55\" data-element_type=\"column\" data-e-type=\"column\">\n\t\t\t<div class=\"elementor-widget-wrap elementor-element-populated\">\n\t\t\t\t\t\t<div class=\"elementor-element elementor-element-bbf67bf elementor-widget elementor-widget-heading\" data-id=\"bbf67bf\" data-element_type=\"widget\" data-e-type=\"widget\" data-widget_type=\"heading.default\">\n\t\t\t\t<div class=\"elementor-widget-container\">\n\t\t\t\t\t<h4 class=\"elementor-heading-title elementor-size-medium\">Pour Achat En Ligne<\/h4>\t\t\t\t<\/div>\n\t\t\t\t<\/div>\n\t\t\t\t\t<\/div>\n\t\t<\/div>\n\t\t\t\t\t<\/div>\n\t\t<\/section>\n\t\t\t\t<section class=\"elementor-section elementor-inner-section elementor-element elementor-element-18469e2 elementor-section-boxed elementor-section-height-default elementor-section-height-default\" data-id=\"18469e2\" data-element_type=\"section\" data-e-type=\"section\">\n\t\t\t\t\t\t<div class=\"elementor-container elementor-column-gap-default\">\n\t\t\t\t\t<div class=\"elementor-column elementor-col-50 elementor-inner-column elementor-element elementor-element-82ae989\" data-id=\"82ae989\" data-element_type=\"column\" data-e-type=\"column\">\n\t\t\t<div class=\"elementor-widget-wrap elementor-element-populated\">\n\t\t\t\t\t\t<div class=\"elementor-element elementor-element-d8837f3 elementor-widget elementor-widget-button\" data-id=\"d8837f3\" data-element_type=\"widget\" data-e-type=\"widget\" data-widget_type=\"button.default\">\n\t\t\t\t<div class=\"elementor-widget-container\">\n\t\t\t\t\t\t\t\t\t<div class=\"elementor-button-wrapper\">\n\t\t\t\t\t<a class=\"elementor-button elementor-button-link elementor-size-sm\" href=\"https:\/\/www.anboutique.ca\/catalogue\/livres-francophones\/roman\/mission-de-vie\/\">\n\t\t\t\t\t\t<span class=\"elementor-button-content-wrapper\">\n\t\t\t\t\t\t\t\t\t<span class=\"elementor-button-text\">anBoutique<\/span>\n\t\t\t\t\t<\/span>\n\t\t\t\t\t<\/a>\n\t\t\t\t<\/div>\n\t\t\t\t\t\t\t\t<\/div>\n\t\t\t\t<\/div>\n\t\t\t\t\t<\/div>\n\t\t<\/div>\n\t\t\t\t<div class=\"elementor-column elementor-col-50 elementor-inner-column elementor-element elementor-element-4f6adba\" data-id=\"4f6adba\" data-element_type=\"column\" data-e-type=\"column\">\n\t\t\t<div class=\"elementor-widget-wrap elementor-element-populated\">\n\t\t\t\t\t\t<div class=\"elementor-element elementor-element-fea60c8 elementor-hidden-desktop elementor-hidden-tablet elementor-hidden-mobile elementor-widget elementor-widget-button\" data-id=\"fea60c8\" data-element_type=\"widget\" data-e-type=\"widget\" data-widget_type=\"button.default\">\n\t\t\t\t<div class=\"elementor-widget-container\">\n\t\t\t\t\t\t\t\t\t<div class=\"elementor-button-wrapper\">\n\t\t\t\t\t<a class=\"elementor-button elementor-button-link elementor-size-sm\" href=\"https:\/\/www.amazon.ca\/No%C3%ABl-chez-Mimi-Ghislaine-Vermette\/dp\/292538112X\">\n\t\t\t\t\t\t<span class=\"elementor-button-content-wrapper\">\n\t\t\t\t\t\t\t\t\t<span class=\"elementor-button-text\">Amazon<\/span>\n\t\t\t\t\t<\/span>\n\t\t\t\t\t<\/a>\n\t\t\t\t<\/div>\n\t\t\t\t\t\t\t\t<\/div>\n\t\t\t\t<\/div>\n\t\t\t\t\t<\/div>\n\t\t<\/div>\n\t\t\t\t\t<\/div>\n\t\t<\/section>\n\t\t\t\t\t<\/div>\n\t\t<\/div>\n\t\t\t\t\t<\/div>\n\t\t<\/section>\n\t\t\t\t<\/div>\n\t\t","protected":false},"excerpt":{"rendered":"<p>Le m\u00e9tier de pompier n\u2019est pas toujours spectaculaire comme on le voit au cin\u00e9ma. Laurent Laflamme a rejoint les \u00e9quipes de sauveteurs afin de rendre service \u00e0 la population. Il disait qu\u2019\u00eatre pompier \u00e9tait dans son ADN. Il a exerc\u00e9 ce m\u00e9tier toute sa vie. C\u2019\u00e9tait sa Mission de vie. Durant sa carri\u00e8re, il vit [&hellip;]<\/p>\n","protected":false},"author":1,"featured_media":0,"parent":0,"menu_order":0,"comment_status":"closed","ping_status":"closed","template":"","meta":{"footnotes":""},"class_list":["post-632","page","type-page","status-publish","czr-hentry"],"jetpack_sharing_enabled":true,"_links":{"self":[{"href":"https:\/\/ghislainevermette.com\/index.php?rest_route=\/wp\/v2\/pages\/632","targetHints":{"allow":["GET"]}}],"collection":[{"href":"https:\/\/ghislainevermette.com\/index.php?rest_route=\/wp\/v2\/pages"}],"about":[{"href":"https:\/\/ghislainevermette.com\/index.php?rest_route=\/wp\/v2\/types\/page"}],"author":[{"embeddable":true,"href":"https:\/\/ghislainevermette.com\/index.php?rest_route=\/wp\/v2\/users\/1"}],"replies":[{"embeddable":true,"href":"https:\/\/ghislainevermette.com\/index.php?rest_route=%2Fwp%2Fv2%2Fcomments&post=632"}],"version-history":[{"count":4,"href":"https:\/\/ghislainevermette.com\/index.php?rest_route=\/wp\/v2\/pages\/632\/revisions"}],"predecessor-version":[{"id":637,"href":"https:\/\/ghislainevermette.com\/index.php?rest_route=\/wp\/v2\/pages\/632\/revisions\/637"}],"wp:attachment":[{"href":"https:\/\/ghislainevermette.com\/index.php?rest_route=%2Fwp%2Fv2%2Fmedia&parent=632"}],"curies":[{"name":"wp","href":"https:\/\/api.w.org\/{rel}","templated":true}]}}